{"id":156,"date":"2026-01-17T14:00:50","date_gmt":"2026-01-17T14:00:50","guid":{"rendered":"https:\/\/maxigames.io\/?page_id=156"},"modified":"2026-02-19T12:31:08","modified_gmt":"2026-02-19T12:31:08","slug":"all-categories","status":"publish","type":"page","link":"https:\/\/maxigames.io\/cs\/all-categories\/","title":{"rendered":"Game Categories"},"content":{"rendered":"<ul class=\"wp-block-categories-list wp-block-categories\">\t<li class=\"cat-item cat-item-2397\"><a href=\"https:\/\/maxigames.io\/cs\/kategorie\/2-hraci\/\">2 hr\u00e1\u010di<\/a>\n<\/li>\n\t<li class=\"cat-item cat-item-1560\"><a href=\"https:\/\/maxigames.io\/cs\/kategorie\/3d\/\">3D<\/a>\n<\/li>\n\t<li class=\"cat-item cat-item-786\"><a href=\"https:\/\/maxigames.io\/cs\/kategorie\/5\/\">5<\/a>\n<\/li>\n\t<li class=\"cat-item cat-item-857\"><a href=\"https:\/\/maxigames.io\/cs\/kategorie\/akce\/\">Akce<\/a>\n<\/li>\n\t<li class=\"cat-item cat-item-834\"><a href=\"https:\/\/maxigames.io\/cs\/kategorie\/arkadove-hry\/\">Ark\u00e1dov\u00e9 hry<\/a>\n<\/li>\n\t<li class=\"cat-item cat-item-2000\"><a href=\"https:\/\/maxigames.io\/cs\/kategorie\/armada\/\">Arm\u00e1da<\/a>\n<\/li>\n\t<li class=\"cat-item cat-item-2083\"><a href=\"https:\/\/maxigames.io\/cs\/kategorie\/auto\/\">Auto<\/a>\n<\/li>\n\t<li class=\"cat-item cat-item-1930\"><a href=\"https:\/\/maxigames.io\/cs\/kategorie\/barva\/\">Barva<\/a>\n<\/li>\n\t<li class=\"cat-item cat-item-1075\"><a href=\"https:\/\/maxigames.io\/cs\/kategorie\/behani\/\">B\u011bh\u00e1n\u00ed<\/a>\n<\/li>\n\t<li class=\"cat-item cat-item-1685\"><a href=\"https:\/\/maxigames.io\/cs\/kategorie\/blok\/\">Blok<\/a>\n<\/li>\n\t<li class=\"cat-item cat-item-1907\"><a href=\"https:\/\/maxigames.io\/cs\/kategorie\/boj\/\">Boj<\/a>\n<\/li>\n\t<li class=\"cat-item cat-item-1534\"><a href=\"https:\/\/maxigames.io\/cs\/kategorie\/candy-crush\/\">Candy Crush<\/a>\n<\/li>\n\t<li class=\"cat-item cat-item-1953\"><a href=\"https:\/\/maxigames.io\/cs\/kategorie\/cisla\/\">\u010c\u00edsla<\/a>\n<\/li>\n\t<li class=\"cat-item cat-item-1511\"><a href=\"https:\/\/maxigames.io\/cs\/kategorie\/dekorace\/\">Dekorace<\/a>\n<\/li>\n\t<li class=\"cat-item cat-item-927\"><a href=\"https:\/\/maxigames.io\/cs\/kategorie\/deska\/\">Deska<\/a>\n<\/li>\n\t<li class=\"cat-item cat-item-1168\"><a href=\"https:\/\/maxigames.io\/cs\/kategorie\/deti\/\">D\u011bti<\/a>\n<\/li>\n\t<li class=\"cat-item cat-item-2306\"><a href=\"https:\/\/maxigames.io\/cs\/kategorie\/dobrodruzstvi\/\">Dobrodru\u017estv\u00ed<\/a>\n<\/li>\n\t<li class=\"cat-item cat-item-904\"><a href=\"https:\/\/maxigames.io\/cs\/kategorie\/dovednost\/\">Dovednost<\/a>\n<\/li>\n\t<li class=\"cat-item cat-item-1977\"><a href=\"https:\/\/maxigames.io\/cs\/kategorie\/farma\/\">Farma<\/a>\n<\/li>\n\t<li class=\"cat-item cat-item-1443\"><a href=\"https:\/\/maxigames.io\/cs\/kategorie\/fyzika\/\">Fyzika<\/a>\n<\/li>\n\t<li class=\"cat-item cat-item-1642\"><a href=\"https:\/\/maxigames.io\/cs\/kategorie\/hidden-object\/\">Hidden Object<\/a>\n<\/li>\n\t<li class=\"cat-item cat-item-1239\"><a href=\"https:\/\/maxigames.io\/cs\/kategorie\/hry-na-parovani\/\">Hry na p\u00e1rov\u00e1n\u00ed<\/a>\n<\/li>\n\t<li class=\"cat-item cat-item-1859\"><a href=\"https:\/\/maxigames.io\/cs\/kategorie\/hry-pro-vice-hracu\/\">Hry pro v\u00edce hr\u00e1\u010d\u016f<\/a>\n<\/li>\n\t<li class=\"cat-item cat-item-1883\"><a href=\"https:\/\/maxigames.io\/cs\/kategorie\/hry-typu-point-and-click\/\">Hry typu point-and-click<\/a>\n<\/li>\n\t<li class=\"cat-item cat-item-2373\"><a href=\"https:\/\/maxigames.io\/cs\/kategorie\/idle\/\">Idle<\/a>\n<\/li>\n\t<li class=\"cat-item cat-item-1420\"><a href=\"https:\/\/maxigames.io\/cs\/kategorie\/jidlo\/\">J\u00eddlo<\/a>\n<\/li>\n\t<li class=\"cat-item cat-item-1376\"><a href=\"https:\/\/maxigames.io\/cs\/kategorie\/jizda\/\">J\u00edzda<\/a>\n<\/li>\n\t<li class=\"cat-item cat-item-1614\"><a href=\"https:\/\/maxigames.io\/cs\/kategorie\/karta\/\">Karta<\/a>\n<\/li>\n\t<li class=\"cat-item cat-item-1216\"><a href=\"https:\/\/maxigames.io\/cs\/kategorie\/klasicke\/\">Klasick\u00e9<\/a>\n<\/li>\n\t<li class=\"cat-item cat-item-1397\"><a href=\"https:\/\/maxigames.io\/cs\/kategorie\/kresleni\/\">Kreslen\u00ed<\/a>\n<\/li>\n\t<li class=\"cat-item cat-item-1663\"><a href=\"https:\/\/maxigames.io\/cs\/kategorie\/kviz\/\">Kv\u00edz<\/a>\n<\/li>\n\t<li class=\"cat-item cat-item-1027\"><a href=\"https:\/\/maxigames.io\/cs\/kategorie\/logika\/\">Logika<\/a>\n<\/li>\n\t<li class=\"cat-item cat-item-1308\"><a href=\"https:\/\/maxigames.io\/cs\/kategorie\/magie\/\">Magie<\/a>\n<\/li>\n\t<li class=\"cat-item cat-item-980\"><a href=\"https:\/\/maxigames.io\/cs\/kategorie\/mahjong\/\">Mahjong<\/a>\n<\/li>\n\t<li class=\"cat-item cat-item-1837\"><a href=\"https:\/\/maxigames.io\/cs\/kategorie\/makeover\/\">Makeover<\/a>\n<\/li>\n\t<li class=\"cat-item cat-item-1489\"><a href=\"https:\/\/maxigames.io\/cs\/kategorie\/manazment\/\">Mana\u017ement<\/a>\n<\/li>\n\t<li class=\"cat-item cat-item-1122\"><a href=\"https:\/\/maxigames.io\/cs\/kategorie\/match-3\/\">Match 3<\/a>\n<\/li>\n\t<li class=\"cat-item cat-item-1618\"><a href=\"https:\/\/maxigames.io\/cs\/kategorie\/mic\/\">M\u00ed\u010d<\/a>\n<\/li>\n\t<li class=\"cat-item cat-item-1099\"><a href=\"https:\/\/maxigames.io\/cs\/kategorie\/mozek\/\">Mozek<\/a>\n<\/li>\n\t<li class=\"cat-item cat-item-2156\"><a href=\"https:\/\/maxigames.io\/cs\/kategorie\/nakladni-auto\/\">N\u00e1kladn\u00ed auto<\/a>\n<\/li>\n\t<li class=\"cat-item cat-item-2204\"><a href=\"https:\/\/maxigames.io\/cs\/kategorie\/nejlepsi-maxigames\/\">Nejlep\u0161\u00ed MaxiGames<\/a>\n<\/li>\n\t<li class=\"cat-item cat-item-616\"><a href=\"https:\/\/maxigames.io\/cs\/kategorie\/novy\/\">Nov\u00fd<\/a>\n<\/li>\n\t<li class=\"cat-item cat-item-2020\"><a href=\"https:\/\/maxigames.io\/cs\/kategorie\/parkour\/\">Parkour<\/a>\n<\/li>\n\t<li class=\"cat-item cat-item-1795\"><a href=\"https:\/\/maxigames.io\/cs\/kategorie\/parkovani\/\">Parkov\u00e1n\u00ed<\/a>\n<\/li>\n\t<li class=\"cat-item cat-item-1004\"><a href=\"https:\/\/maxigames.io\/cs\/kategorie\/platformy\/\">Platformy<\/a>\n<\/li>\n\t<li class=\"cat-item cat-item-950\"><a href=\"https:\/\/maxigames.io\/cs\/kategorie\/pro-divky\/\">Pro d\u00edvky<\/a>\n<\/li>\n\t<li class=\"cat-item cat-item-814\"><a href=\"https:\/\/maxigames.io\/cs\/kategorie\/puzzle\/\">Puzzle<\/a>\n<\/li>\n\t<li class=\"cat-item cat-item-2106\"><a href=\"https:\/\/maxigames.io\/cs\/kategorie\/pvp\/\">PvP<\/a>\n<\/li>\n\t<li class=\"cat-item cat-item-1771\"><a href=\"https:\/\/maxigames.io\/cs\/kategorie\/restaurace\/\">Restaurace<\/a>\n<\/li>\n\t<li class=\"cat-item cat-item-2128\"><a href=\"https:\/\/maxigames.io\/cs\/kategorie\/retro\/\">Retro<\/a>\n<\/li>\n\t<li class=\"cat-item cat-item-1145\"><a href=\"https:\/\/maxigames.io\/cs\/kategorie\/rpg\/\">RPG<\/a>\n<\/li>\n\t<li class=\"cat-item cat-item-1331\"><a href=\"https:\/\/maxigames.io\/cs\/kategorie\/simulace\/\">Simulace<\/a>\n<\/li>\n\t<li class=\"cat-item cat-item-2237\"><a href=\"https:\/\/maxigames.io\/cs\/kategorie\/slime\/\">Slime<\/a>\n<\/li>\n\t<li class=\"cat-item cat-item-2282\"><a href=\"https:\/\/maxigames.io\/cs\/kategorie\/sloucit\/\">Slou\u010dit<\/a>\n<\/li>\n\t<li class=\"cat-item cat-item-1192\"><a href=\"https:\/\/maxigames.io\/cs\/kategorie\/slovo\/\">Slovo<\/a>\n<\/li>\n\t<li class=\"cat-item cat-item-2180\"><a href=\"https:\/\/maxigames.io\/cs\/kategorie\/solitaire\/\">Solitaire<\/a>\n<\/li>\n\t<li class=\"cat-item cat-item-2260\"><a href=\"https:\/\/maxigames.io\/cs\/kategorie\/sport\/\">Sport<\/a>\n<\/li>\n\t<li class=\"cat-item cat-item-1353\"><a href=\"https:\/\/maxigames.io\/cs\/kategorie\/strategie\/\">Strategie<\/a>\n<\/li>\n\t<li class=\"cat-item cat-item-1051\"><a href=\"https:\/\/maxigames.io\/cs\/kategorie\/strelba\/\">St\u0159elba<\/a>\n<\/li>\n\t<li class=\"cat-item cat-item-1467\"><a href=\"https:\/\/maxigames.io\/cs\/kategorie\/sudoku\/\">Sudoku<\/a>\n<\/li>\n\t<li class=\"cat-item cat-item-2220\"><a href=\"https:\/\/maxigames.io\/cs\/kategorie\/trendy-prave-ted\/\">Trendy pr\u00e1v\u011b te\u010f<\/a>\n<\/li>\n\t<li class=\"cat-item cat-item-2060\"><a href=\"https:\/\/maxigames.io\/cs\/kategorie\/tycoon\/\">Tycoon<\/a>\n<\/li>\n\t<li class=\"cat-item cat-item-1729\"><a href=\"https:\/\/maxigames.io\/cs\/kategorie\/utulne\/\">\u00fatuln\u00e9<\/a>\n<\/li>\n\t<li class=\"cat-item cat-item-1581\"><a href=\"https:\/\/maxigames.io\/cs\/kategorie\/valka\/\">V\u00e1lka<\/a>\n<\/li>\n\t<li class=\"cat-item cat-item-1762\"><a href=\"https:\/\/maxigames.io\/cs\/kategorie\/vareni\/\">Va\u0159en\u00ed<\/a>\n<\/li>\n\t<li class=\"cat-item cat-item-1817\"><a href=\"https:\/\/maxigames.io\/cs\/kategorie\/vezova-obrana\/\">V\u011b\u017eov\u00e1 obrana<\/a>\n<\/li>\n\t<li class=\"cat-item cat-item-880\"><a href=\"https:\/\/maxigames.io\/cs\/kategorie\/vseobecne-znalosti\/\">V\u0161eobecn\u00e9 znalosti<\/a>\n<\/li>\n\t<li class=\"cat-item cat-item-1263\"><a href=\"https:\/\/maxigames.io\/cs\/kategorie\/vzdelavaci\/\">Vzd\u011bl\u00e1vac\u00ed<\/a>\n<\/li>\n\t<li class=\"cat-item cat-item-2351\"><a href=\"https:\/\/maxigames.io\/cs\/kategorie\/zabavne\/\">Z\u00e1bavn\u00e9<\/a>\n<\/li>\n\t<li class=\"cat-item cat-item-2329\"><a href=\"https:\/\/maxigames.io\/cs\/kategorie\/zvirata\/\">Zv\u00ed\u0159ata<\/a>\n<\/li>\n<\/ul>","protected":false},"excerpt":{"rendered":"","protected":false},"author":1,"featured_media":0,"parent":0,"menu_order":0,"comment_status":"closed","ping_status":"closed","template":"","meta":{"footnotes":""},"class_list":["post-156","page","type-page","status-publish","hentry"],"_links":{"self":[{"href":"https:\/\/maxigames.io\/cs\/wp-json\/wp\/v2\/pages\/156","targetHints":{"allow":["GET"]}}],"collection":[{"href":"https:\/\/maxigames.io\/cs\/wp-json\/wp\/v2\/pages"}],"about":[{"href":"https:\/\/maxigames.io\/cs\/wp-json\/wp\/v2\/types\/page"}],"author":[{"embeddable":true,"href":"https:\/\/maxigames.io\/cs\/wp-json\/wp\/v2\/users\/1"}],"replies":[{"embeddable":true,"href":"https:\/\/maxigames.io\/cs\/wp-json\/wp\/v2\/comments?post=156"}],"version-history":[{"count":2,"href":"https:\/\/maxigames.io\/cs\/wp-json\/wp\/v2\/pages\/156\/revisions"}],"predecessor-version":[{"id":382,"href":"https:\/\/maxigames.io\/cs\/wp-json\/wp\/v2\/pages\/156\/revisions\/382"}],"wp:attachment":[{"href":"https:\/\/maxigames.io\/cs\/wp-json\/wp\/v2\/media?parent=156"}],"curies":[{"name":"wp","href":"https:\/\/api.w.org\/{rel}","templated":true}]}}