{"id":156,"date":"2026-01-17T14:00:50","date_gmt":"2026-01-17T14:00:50","guid":{"rendered":"https:\/\/maxigames.io\/?page_id=156"},"modified":"2026-02-19T12:31:08","modified_gmt":"2026-02-19T12:31:08","slug":"all-categories","status":"publish","type":"page","link":"https:\/\/maxigames.io\/pl\/all-categories\/","title":{"rendered":"Game Categories"},"content":{"rendered":"<ul class=\"wp-block-categories-list wp-block-categories\">\t<li class=\"cat-item cat-item-2411\"><a href=\"https:\/\/maxigames.io\/pl\/kategoria\/2-graczy\/\">2 Graczy<\/a>\n<\/li>\n\t<li class=\"cat-item cat-item-1572\"><a href=\"https:\/\/maxigames.io\/pl\/kategoria\/3d\/\">3D<\/a>\n<\/li>\n\t<li class=\"cat-item cat-item-801\"><a href=\"https:\/\/maxigames.io\/pl\/kategoria\/5\/\">5<\/a>\n<\/li>\n\t<li class=\"cat-item cat-item-871\"><a href=\"https:\/\/maxigames.io\/pl\/kategoria\/akcja\/\">Akcja<\/a>\n<\/li>\n\t<li class=\"cat-item cat-item-2466\"><a href=\"https:\/\/maxigames.io\/pl\/kategoria\/arbuz\/\">Arbuz<\/a>\n<\/li>\n\t<li class=\"cat-item cat-item-2013\"><a href=\"https:\/\/maxigames.io\/pl\/kategoria\/armia\/\">Armia<\/a>\n<\/li>\n\t<li class=\"cat-item cat-item-1089\"><a href=\"https:\/\/maxigames.io\/pl\/kategoria\/bieganie\/\">Bieganie<\/a>\n<\/li>\n\t<li class=\"cat-item cat-item-1698\"><a href=\"https:\/\/maxigames.io\/pl\/kategoria\/blok\/\">Blok<\/a>\n<\/li>\n\t<li class=\"cat-item cat-item-1551\"><a href=\"https:\/\/maxigames.io\/pl\/kategoria\/candy-crush\/\">Candy Crush<\/a>\n<\/li>\n\t<li class=\"cat-item cat-item-2169\"><a href=\"https:\/\/maxigames.io\/pl\/kategoria\/ciezarowka\/\">Ci\u0119\u017car\u00f3wka<\/a>\n<\/li>\n\t<li class=\"cat-item cat-item-1524\"><a href=\"https:\/\/maxigames.io\/pl\/kategoria\/dekoracja\/\">Dekoracja<\/a>\n<\/li>\n\t<li class=\"cat-item cat-item-964\"><a href=\"https:\/\/maxigames.io\/pl\/kategoria\/dla-dziewczat\/\">Dla dziewcz\u0105t<\/a>\n<\/li>\n\t<li class=\"cat-item cat-item-1253\"><a href=\"https:\/\/maxigames.io\/pl\/kategoria\/dopasowywanie\/\">Dopasowywanie<\/a>\n<\/li>\n\t<li class=\"cat-item cat-item-1410\"><a href=\"https:\/\/maxigames.io\/pl\/kategoria\/drawing\/\">Drawing<\/a>\n<\/li>\n\t<li class=\"cat-item cat-item-1182\"><a href=\"https:\/\/maxigames.io\/pl\/kategoria\/dzieci\/\">Dzieci<\/a>\n<\/li>\n\t<li class=\"cat-item cat-item-1277\"><a href=\"https:\/\/maxigames.io\/pl\/kategoria\/edukacyjne\/\">Edukacyjne<\/a>\n<\/li>\n\t<li class=\"cat-item cat-item-1991\"><a href=\"https:\/\/maxigames.io\/pl\/kategoria\/farma\/\">Farma<\/a>\n<\/li>\n\t<li class=\"cat-item cat-item-1457\"><a href=\"https:\/\/maxigames.io\/pl\/kategoria\/fizyka\/\">Fizyka<\/a>\n<\/li>\n\t<li class=\"cat-item cat-item-1719\"><a href=\"https:\/\/maxigames.io\/pl\/kategoria\/gotowanie\/\">Gotowanie<\/a>\n<\/li>\n\t<li class=\"cat-item cat-item-848\"><a href=\"https:\/\/maxigames.io\/pl\/kategoria\/gry-arcade\/\">Gry arcade<\/a>\n<\/li>\n\t<li class=\"cat-item cat-item-941\"><a href=\"https:\/\/maxigames.io\/pl\/kategoria\/gry-planszowe\/\">Gry planszowe<\/a>\n<\/li>\n\t<li class=\"cat-item cat-item-1897\"><a href=\"https:\/\/maxigames.io\/pl\/kategoria\/gry-point-and-click\/\">Gry point-and-click<\/a>\n<\/li>\n\t<li class=\"cat-item cat-item-2273\"><a href=\"https:\/\/maxigames.io\/pl\/kategoria\/gry-sportowe\/\">Gry sportowe<\/a>\n<\/li>\n\t<li class=\"cat-item cat-item-1065\"><a href=\"https:\/\/maxigames.io\/pl\/kategoria\/gry-strzeleckie\/\">Gry strzeleckie<\/a>\n<\/li>\n\t<li class=\"cat-item cat-item-1921\"><a href=\"https:\/\/maxigames.io\/pl\/kategoria\/gry-walki\/\">Gry walki<\/a>\n<\/li>\n\t<li class=\"cat-item cat-item-1388\"><a href=\"https:\/\/maxigames.io\/pl\/kategoria\/jazda\/\">Jazda<\/a>\n<\/li>\n\t<li class=\"cat-item cat-item-1433\"><a href=\"https:\/\/maxigames.io\/pl\/kategoria\/jedzenie\/\">Jedzenie<\/a>\n<\/li>\n\t<li class=\"cat-item cat-item-1299\"><a href=\"https:\/\/maxigames.io\/pl\/kategoria\/karta\/\">Karta<\/a>\n<\/li>\n\t<li class=\"cat-item cat-item-1230\"><a href=\"https:\/\/maxigames.io\/pl\/kategoria\/klasyczne\/\">Klasyczne<\/a>\n<\/li>\n\t<li class=\"cat-item cat-item-2634\"><a href=\"https:\/\/maxigames.io\/pl\/kategoria\/klikacz\/\">Klikacz<\/a>\n<\/li>\n\t<li class=\"cat-item cat-item-1944\"><a href=\"https:\/\/maxigames.io\/pl\/kategoria\/kolor\/\">Kolor<\/a>\n<\/li>\n\t<li class=\"cat-item cat-item-825\"><a href=\"https:\/\/maxigames.io\/pl\/kategoria\/lamiglowki\/\">\u0141amig\u0142\u00f3wki<\/a>\n<\/li>\n\t<li class=\"cat-item cat-item-1967\"><a href=\"https:\/\/maxigames.io\/pl\/kategoria\/liczby\/\">Liczby<\/a>\n<\/li>\n\t<li class=\"cat-item cat-item-1041\"><a href=\"https:\/\/maxigames.io\/pl\/kategoria\/logika\/\">Logika<\/a>\n<\/li>\n\t<li class=\"cat-item cat-item-1321\"><a href=\"https:\/\/maxigames.io\/pl\/kategoria\/magia\/\">Magia<\/a>\n<\/li>\n\t<li class=\"cat-item cat-item-994\"><a href=\"https:\/\/maxigames.io\/pl\/kategoria\/mahjong\/\">Mahjong<\/a>\n<\/li>\n\t<li class=\"cat-item cat-item-1136\"><a href=\"https:\/\/maxigames.io\/pl\/kategoria\/match-3\/\">Match 3<\/a>\n<\/li>\n\t<li class=\"cat-item cat-item-1850\"><a href=\"https:\/\/maxigames.io\/pl\/kategoria\/metamorfoza\/\">Metamorfoza<\/a>\n<\/li>\n\t<li class=\"cat-item cat-item-1112\"><a href=\"https:\/\/maxigames.io\/pl\/kategoria\/mozg\/\">M\u00f3zg<\/a>\n<\/li>\n\t<li class=\"cat-item cat-item-557\"><a href=\"https:\/\/maxigames.io\/pl\/kategoria\/najlepsze-maxigames\/\">Najlepsze MaxiGames<\/a>\n<\/li>\n\t<li class=\"cat-item cat-item-331\"><a href=\"https:\/\/maxigames.io\/pl\/kategoria\/nowe\/\">Nowe<\/a>\n<\/li>\n\t<li class=\"cat-item cat-item-1828\"><a href=\"https:\/\/maxigames.io\/pl\/kategoria\/obrona-wiezy\/\">Obrona Wie\u017cy<\/a>\n<\/li>\n\t<li class=\"cat-item cat-item-2030\"><a href=\"https:\/\/maxigames.io\/pl\/kategoria\/parkour\/\">Parkour<\/a>\n<\/li>\n\t<li class=\"cat-item cat-item-1808\"><a href=\"https:\/\/maxigames.io\/pl\/kategoria\/parkowanie\/\">Parkowanie<\/a>\n<\/li>\n\t<li class=\"cat-item cat-item-2387\"><a href=\"https:\/\/maxigames.io\/pl\/kategoria\/pasywne\/\">Pasywne<\/a>\n<\/li>\n\t<li class=\"cat-item cat-item-2562\"><a href=\"https:\/\/maxigames.io\/pl\/kategoria\/patyczak\/\">Patyczak<\/a>\n<\/li>\n\t<li class=\"cat-item cat-item-2610\"><a href=\"https:\/\/maxigames.io\/pl\/kategoria\/pies\/\">Pies<\/a>\n<\/li>\n\t<li class=\"cat-item cat-item-1632\"><a href=\"https:\/\/maxigames.io\/pl\/kategoria\/pilka\/\">Pi\u0142ka<\/a>\n<\/li>\n\t<li class=\"cat-item cat-item-1018\"><a href=\"https:\/\/maxigames.io\/pl\/kategoria\/platforma\/\">Platforma<\/a>\n<\/li>\n\t<li class=\"cat-item cat-item-2538\"><a href=\"https:\/\/maxigames.io\/pl\/kategoria\/pop-it\/\">Pop It<\/a>\n<\/li>\n\t<li class=\"cat-item cat-item-2319\"><a href=\"https:\/\/maxigames.io\/pl\/kategoria\/przygoda\/\">Przygoda<\/a>\n<\/li>\n\t<li class=\"cat-item cat-item-1743\"><a href=\"https:\/\/maxigames.io\/pl\/kategoria\/przytulne\/\">Przytulne<\/a>\n<\/li>\n\t<li class=\"cat-item cat-item-2119\"><a href=\"https:\/\/maxigames.io\/pl\/kategoria\/pvp\/\">PvP<\/a>\n<\/li>\n\t<li class=\"cat-item cat-item-894\"><a href=\"https:\/\/maxigames.io\/pl\/kategoria\/pytania-wiedzy-ogolnej\/\">Pytania wiedzy og\u00f3lnej<\/a>\n<\/li>\n\t<li class=\"cat-item cat-item-1676\"><a href=\"https:\/\/maxigames.io\/pl\/kategoria\/quiz\/\">Quiz<\/a>\n<\/li>\n\t<li class=\"cat-item cat-item-1785\"><a href=\"https:\/\/maxigames.io\/pl\/kategoria\/restauracja\/\">Restauracja<\/a>\n<\/li>\n\t<li class=\"cat-item cat-item-2142\"><a href=\"https:\/\/maxigames.io\/pl\/kategoria\/retro\/\">Retro<\/a>\n<\/li>\n\t<li class=\"cat-item cat-item-2434\"><a href=\"https:\/\/maxigames.io\/pl\/kategoria\/robot\/\">robot<\/a>\n<\/li>\n\t<li class=\"cat-item cat-item-1159\"><a href=\"https:\/\/maxigames.io\/pl\/kategoria\/rpg\/\">RPG<\/a>\n<\/li>\n\t<li class=\"cat-item cat-item-2097\"><a href=\"https:\/\/maxigames.io\/pl\/kategoria\/samochody\/\">Samochody<\/a>\n<\/li>\n\t<li class=\"cat-item cat-item-2296\"><a href=\"https:\/\/maxigames.io\/pl\/kategoria\/scalanie\/\">Scalanie<\/a>\n<\/li>\n\t<li class=\"cat-item cat-item-2250\"><a href=\"https:\/\/maxigames.io\/pl\/kategoria\/slime\/\">Slime<\/a>\n<\/li>\n\t<li class=\"cat-item cat-item-1206\"><a href=\"https:\/\/maxigames.io\/pl\/kategoria\/slowo\/\">S\u0142owo<\/a>\n<\/li>\n\t<li class=\"cat-item cat-item-2192\"><a href=\"https:\/\/maxigames.io\/pl\/kategoria\/solitaire\/\">Solitaire<\/a>\n<\/li>\n\t<li class=\"cat-item cat-item-1366\"><a href=\"https:\/\/maxigames.io\/pl\/kategoria\/strategia\/\">Strategia<\/a>\n<\/li>\n\t<li class=\"cat-item cat-item-1479\"><a href=\"https:\/\/maxigames.io\/pl\/kategoria\/sudoku\/\">Sudoku<\/a>\n<\/li>\n\t<li class=\"cat-item cat-item-1345\"><a href=\"https:\/\/maxigames.io\/pl\/kategoria\/symulacja\/\">Symulacja<\/a>\n<\/li>\n\t<li class=\"cat-item cat-item-2586\"><a href=\"https:\/\/maxigames.io\/pl\/kategoria\/szachy\/\">Szachy<\/a>\n<\/li>\n\t<li class=\"cat-item cat-item-2229\"><a href=\"https:\/\/maxigames.io\/pl\/kategoria\/trendy-teraz\/\">Trendy teraz<\/a>\n<\/li>\n\t<li class=\"cat-item cat-item-1873\"><a href=\"https:\/\/maxigames.io\/pl\/kategoria\/tryb-wieloosobowy\/\">Tryb wieloosobowy<\/a>\n<\/li>\n\t<li class=\"cat-item cat-item-2074\"><a href=\"https:\/\/maxigames.io\/pl\/kategoria\/tycoon\/\">Tycoon<\/a>\n<\/li>\n\t<li class=\"cat-item cat-item-1758\"><a href=\"https:\/\/maxigames.io\/pl\/kategoria\/ukryty-przedmiot\/\">Ukryty Przedmiot<\/a>\n<\/li>\n\t<li class=\"cat-item cat-item-918\"><a href=\"https:\/\/maxigames.io\/pl\/kategoria\/umiejetnosc\/\">Umiej\u0119tno\u015b\u0107<\/a>\n<\/li>\n\t<li class=\"cat-item cat-item-2490\"><a href=\"https:\/\/maxigames.io\/pl\/kategoria\/wedkarstwo\/\">W\u0119dkarstwo<\/a>\n<\/li>\n\t<li class=\"cat-item cat-item-1594\"><a href=\"https:\/\/maxigames.io\/pl\/kategoria\/wojna\/\">Wojna<\/a>\n<\/li>\n\t<li class=\"cat-item cat-item-2656\"><a href=\"https:\/\/maxigames.io\/pl\/kategoria\/wyscigi\/\">Wy\u015bcigi<\/a>\n<\/li>\n\t<li class=\"cat-item cat-item-2514\"><a href=\"https:\/\/maxigames.io\/pl\/kategoria\/wytwarzanie\/\">Wytwarzanie<\/a>\n<\/li>\n\t<li class=\"cat-item cat-item-2363\"><a href=\"https:\/\/maxigames.io\/pl\/kategoria\/zabawny\/\">Zabawny<\/a>\n<\/li>\n\t<li class=\"cat-item cat-item-1501\"><a href=\"https:\/\/maxigames.io\/pl\/kategoria\/zarzadzanie\/\">Zarz\u0105dzanie<\/a>\n<\/li>\n\t<li class=\"cat-item cat-item-2343\"><a href=\"https:\/\/maxigames.io\/pl\/kategoria\/zwierze\/\">Zwierz\u0119<\/a>\n<\/li>\n<\/ul>","protected":false},"excerpt":{"rendered":"","protected":false},"author":1,"featured_media":0,"parent":0,"menu_order":0,"comment_status":"closed","ping_status":"closed","template":"","meta":{"footnotes":""},"class_list":["post-156","page","type-page","status-publish","hentry"],"_links":{"self":[{"href":"https:\/\/maxigames.io\/pl\/wp-json\/wp\/v2\/pages\/156","targetHints":{"allow":["GET"]}}],"collection":[{"href":"https:\/\/maxigames.io\/pl\/wp-json\/wp\/v2\/pages"}],"about":[{"href":"https:\/\/maxigames.io\/pl\/wp-json\/wp\/v2\/types\/page"}],"author":[{"embeddable":true,"href":"https:\/\/maxigames.io\/pl\/wp-json\/wp\/v2\/users\/1"}],"replies":[{"embeddable":true,"href":"https:\/\/maxigames.io\/pl\/wp-json\/wp\/v2\/comments?post=156"}],"version-history":[{"count":2,"href":"https:\/\/maxigames.io\/pl\/wp-json\/wp\/v2\/pages\/156\/revisions"}],"predecessor-version":[{"id":382,"href":"https:\/\/maxigames.io\/pl\/wp-json\/wp\/v2\/pages\/156\/revisions\/382"}],"wp:attachment":[{"href":"https:\/\/maxigames.io\/pl\/wp-json\/wp\/v2\/media?parent=156"}],"curies":[{"name":"wp","href":"https:\/\/api.w.org\/{rel}","templated":true}]}}