{"id":156,"date":"2026-01-17T14:00:50","date_gmt":"2026-01-17T14:00:50","guid":{"rendered":"https:\/\/maxigames.io\/?page_id=156"},"modified":"2026-02-19T12:31:08","modified_gmt":"2026-02-19T12:31:08","slug":"all-categories","status":"publish","type":"page","link":"https:\/\/maxigames.io\/sv\/all-categories\/","title":{"rendered":"Game Categories"},"content":{"rendered":"<ul class=\"wp-block-categories-list wp-block-categories\">\t<li class=\"cat-item cat-item-2414\"><a href=\"https:\/\/maxigames.io\/sv\/kategori\/2-spelare\/\">2 Spelare<\/a>\n<\/li>\n\t<li class=\"cat-item cat-item-1575\"><a href=\"https:\/\/maxigames.io\/sv\/kategori\/3d\/\">3D<\/a>\n<\/li>\n\t<li class=\"cat-item cat-item-802\"><a href=\"https:\/\/maxigames.io\/sv\/kategori\/5\/\">5<\/a>\n<\/li>\n\t<li class=\"cat-item cat-item-874\"><a href=\"https:\/\/maxigames.io\/sv\/kategori\/action\/\">Action<\/a>\n<\/li>\n\t<li class=\"cat-item cat-item-851\"><a href=\"https:\/\/maxigames.io\/sv\/kategori\/arkade\/\">Arkade<\/a>\n<\/li>\n\t<li class=\"cat-item cat-item-2014\"><a href=\"https:\/\/maxigames.io\/sv\/kategori\/arme\/\">Arm\u00e9<\/a>\n<\/li>\n\t<li class=\"cat-item cat-item-2322\"><a href=\"https:\/\/maxigames.io\/sv\/kategori\/aventyr\/\">\u00c4ventyr<\/a>\n<\/li>\n\t<li class=\"cat-item cat-item-1185\"><a href=\"https:\/\/maxigames.io\/sv\/kategori\/barn\/\">Barn<\/a>\n<\/li>\n\t<li class=\"cat-item cat-item-2099\"><a href=\"https:\/\/maxigames.io\/sv\/kategori\/bil\/\">Bil<\/a>\n<\/li>\n\t<li class=\"cat-item cat-item-1701\"><a href=\"https:\/\/maxigames.io\/sv\/kategori\/block\/\">Block<\/a>\n<\/li>\n\t<li class=\"cat-item cat-item-1635\"><a href=\"https:\/\/maxigames.io\/sv\/kategori\/boll\/\">Boll<\/a>\n<\/li>\n\t<li class=\"cat-item cat-item-944\"><a href=\"https:\/\/maxigames.io\/sv\/kategori\/bradspelet\/\">Br\u00e4dspelet<\/a>\n<\/li>\n\t<li class=\"cat-item cat-item-1115\"><a href=\"https:\/\/maxigames.io\/sv\/kategori\/brain\/\">Brain<\/a>\n<\/li>\n\t<li class=\"cat-item cat-item-1554\"><a href=\"https:\/\/maxigames.io\/sv\/kategori\/candy-crush\/\">Candy Crush<\/a>\n<\/li>\n\t<li class=\"cat-item cat-item-1527\"><a href=\"https:\/\/maxigames.io\/sv\/kategori\/dekoration\/\">Dekoration<\/a>\n<\/li>\n\t<li class=\"cat-item cat-item-921\"><a href=\"https:\/\/maxigames.io\/sv\/kategori\/fardighet\/\">F\u00e4rdighet<\/a>\n<\/li>\n\t<li class=\"cat-item cat-item-1947\"><a href=\"https:\/\/maxigames.io\/sv\/kategori\/farg\/\">F\u00e4rg<\/a>\n<\/li>\n\t<li class=\"cat-item cat-item-1876\"><a href=\"https:\/\/maxigames.io\/sv\/kategori\/flerspelarlage\/\">Flerspelarl\u00e4ge<\/a>\n<\/li>\n\t<li class=\"cat-item cat-item-967\"><a href=\"https:\/\/maxigames.io\/sv\/kategori\/for-girls\/\">For Girls<\/a>\n<\/li>\n\t<li class=\"cat-item cat-item-1504\"><a href=\"https:\/\/maxigames.io\/sv\/kategori\/forvaltning\/\">F\u00f6rvaltning<\/a>\n<\/li>\n\t<li class=\"cat-item cat-item-1460\"><a href=\"https:\/\/maxigames.io\/sv\/kategori\/fysik\/\">Fysik<\/a>\n<\/li>\n\t<li class=\"cat-item cat-item-2047\"><a href=\"https:\/\/maxigames.io\/sv\/kategori\/gard\/\">G\u00e5rd<\/a>\n<\/li>\n\t<li class=\"cat-item cat-item-1657\"><a href=\"https:\/\/maxigames.io\/sv\/kategori\/gomda-foremal\/\">G\u00f6mda f\u00f6rem\u00e5l<\/a>\n<\/li>\n\t<li class=\"cat-item cat-item-2390\"><a href=\"https:\/\/maxigames.io\/sv\/kategori\/idle-spel\/\">Idle-spel<\/a>\n<\/li>\n\t<li class=\"cat-item cat-item-1923\"><a href=\"https:\/\/maxigames.io\/sv\/kategori\/kampspel\/\">Kampspel<\/a>\n<\/li>\n\t<li class=\"cat-item cat-item-1233\"><a href=\"https:\/\/maxigames.io\/sv\/kategori\/klassisk\/\">Klassisk<\/a>\n<\/li>\n\t<li class=\"cat-item cat-item-1391\"><a href=\"https:\/\/maxigames.io\/sv\/kategori\/korspel\/\">K\u00f6rspel<\/a>\n<\/li>\n\t<li class=\"cat-item cat-item-1302\"><a href=\"https:\/\/maxigames.io\/sv\/kategori\/kort\/\">Kort<\/a>\n<\/li>\n\t<li class=\"cat-item cat-item-1597\"><a href=\"https:\/\/maxigames.io\/sv\/kategori\/krig\/\">Krig<\/a>\n<\/li>\n\t<li class=\"cat-item cat-item-2172\"><a href=\"https:\/\/maxigames.io\/sv\/kategori\/lastbil\/\">Lastbil<\/a>\n<\/li>\n\t<li class=\"cat-item cat-item-1044\"><a href=\"https:\/\/maxigames.io\/sv\/kategori\/logik\/\">Logik<\/a>\n<\/li>\n\t<li class=\"cat-item cat-item-1092\"><a href=\"https:\/\/maxigames.io\/sv\/kategori\/lopning\/\">L\u00f6pning<\/a>\n<\/li>\n\t<li class=\"cat-item cat-item-1324\"><a href=\"https:\/\/maxigames.io\/sv\/kategori\/magi\/\">Magi<\/a>\n<\/li>\n\t<li class=\"cat-item cat-item-997\"><a href=\"https:\/\/maxigames.io\/sv\/kategori\/mahjong\/\">Mahjong<\/a>\n<\/li>\n\t<li class=\"cat-item cat-item-1852\"><a href=\"https:\/\/maxigames.io\/sv\/kategori\/makeover\/\">Makeover<\/a>\n<\/li>\n\t<li class=\"cat-item cat-item-1436\"><a href=\"https:\/\/maxigames.io\/sv\/kategori\/mat\/\">Mat<\/a>\n<\/li>\n\t<li class=\"cat-item cat-item-1138\"><a href=\"https:\/\/maxigames.io\/sv\/kategori\/match-3\/\">Match 3<\/a>\n<\/li>\n\t<li class=\"cat-item cat-item-1256\"><a href=\"https:\/\/maxigames.io\/sv\/kategori\/matchning\/\">Matchning<\/a>\n<\/li>\n\t<li class=\"cat-item cat-item-1722\"><a href=\"https:\/\/maxigames.io\/sv\/kategori\/matlagning\/\">Matlagning<\/a>\n<\/li>\n\t<li class=\"cat-item cat-item-1766\"><a href=\"https:\/\/maxigames.io\/sv\/kategori\/mysig\/\">Mysig<\/a>\n<\/li>\n\t<li class=\"cat-item cat-item-626\"><a href=\"https:\/\/maxigames.io\/sv\/kategori\/ny\/\">Ny<\/a>\n<\/li>\n\t<li class=\"cat-item cat-item-1209\"><a href=\"https:\/\/maxigames.io\/sv\/kategori\/ord\/\">Ord<\/a>\n<\/li>\n\t<li class=\"cat-item cat-item-1811\"><a href=\"https:\/\/maxigames.io\/sv\/kategori\/parkering\/\">Parkering<\/a>\n<\/li>\n\t<li class=\"cat-item cat-item-2034\"><a href=\"https:\/\/maxigames.io\/sv\/kategori\/parkour\/\">Parkour<\/a>\n<\/li>\n\t<li class=\"cat-item cat-item-1281\"><a href=\"https:\/\/maxigames.io\/sv\/kategori\/pedagogiska\/\">Pedagogiska<\/a>\n<\/li>\n\t<li class=\"cat-item cat-item-1900\"><a href=\"https:\/\/maxigames.io\/sv\/kategori\/pek-och-klick\/\">Pek- och klick<\/a>\n<\/li>\n\t<li class=\"cat-item cat-item-1021\"><a href=\"https:\/\/maxigames.io\/sv\/kategori\/plattform\/\">Plattform<\/a>\n<\/li>\n\t<li class=\"cat-item cat-item-828\"><a href=\"https:\/\/maxigames.io\/sv\/kategori\/pussel\/\">Pussel<\/a>\n<\/li>\n\t<li class=\"cat-item cat-item-2121\"><a href=\"https:\/\/maxigames.io\/sv\/kategori\/pvp\/\">PvP<\/a>\n<\/li>\n\t<li class=\"cat-item cat-item-1679\"><a href=\"https:\/\/maxigames.io\/sv\/kategori\/quiz\/\">Quiz<\/a>\n<\/li>\n\t<li class=\"cat-item cat-item-1788\"><a href=\"https:\/\/maxigames.io\/sv\/kategori\/restaurang\/\">Restaurang<\/a>\n<\/li>\n\t<li class=\"cat-item cat-item-2145\"><a href=\"https:\/\/maxigames.io\/sv\/kategori\/retro\/\">Retro<\/a>\n<\/li>\n\t<li class=\"cat-item cat-item-1413\"><a href=\"https:\/\/maxigames.io\/sv\/kategori\/ritning\/\">Ritning<\/a>\n<\/li>\n\t<li class=\"cat-item cat-item-2437\"><a href=\"https:\/\/maxigames.io\/sv\/kategori\/robot\/\">Robot<\/a>\n<\/li>\n\t<li class=\"cat-item cat-item-2367\"><a href=\"https:\/\/maxigames.io\/sv\/kategori\/roliga\/\">Roliga<\/a>\n<\/li>\n\t<li class=\"cat-item cat-item-1162\"><a href=\"https:\/\/maxigames.io\/sv\/kategori\/rpg\/\">RPG<\/a>\n<\/li>\n\t<li class=\"cat-item cat-item-2299\"><a href=\"https:\/\/maxigames.io\/sv\/kategori\/sammanslagning\/\">Sammanslagning<\/a>\n<\/li>\n\t<li class=\"cat-item cat-item-1347\"><a href=\"https:\/\/maxigames.io\/sv\/kategori\/simulering\/\">Simulering<\/a>\n<\/li>\n\t<li class=\"cat-item cat-item-1068\"><a href=\"https:\/\/maxigames.io\/sv\/kategori\/skjutspel\/\">Skjutspel<\/a>\n<\/li>\n\t<li class=\"cat-item cat-item-2253\"><a href=\"https:\/\/maxigames.io\/sv\/kategori\/slime\/\">Slime<\/a>\n<\/li>\n\t<li class=\"cat-item cat-item-2195\"><a href=\"https:\/\/maxigames.io\/sv\/kategori\/solitaire\/\">Solitaire<\/a>\n<\/li>\n\t<li class=\"cat-item cat-item-2276\"><a href=\"https:\/\/maxigames.io\/sv\/kategori\/sport\/\">Sport<\/a>\n<\/li>\n\t<li class=\"cat-item cat-item-1369\"><a href=\"https:\/\/maxigames.io\/sv\/kategori\/strategi\/\">Strategi<\/a>\n<\/li>\n\t<li class=\"cat-item cat-item-1482\"><a href=\"https:\/\/maxigames.io\/sv\/kategori\/sudoku\/\">Sudoku<\/a>\n<\/li>\n\t<li class=\"cat-item cat-item-1970\"><a href=\"https:\/\/maxigames.io\/sv\/kategori\/tal\/\">Tal<\/a>\n<\/li>\n\t<li class=\"cat-item cat-item-2214\"><a href=\"https:\/\/maxigames.io\/sv\/kategori\/topp-maxigames\/\">Topp MaxiGames<\/a>\n<\/li>\n\t<li class=\"cat-item cat-item-1831\"><a href=\"https:\/\/maxigames.io\/sv\/kategori\/tower-defense\/\">Tower Defense<\/a>\n<\/li>\n\t<li class=\"cat-item cat-item-2231\"><a href=\"https:\/\/maxigames.io\/sv\/kategori\/trender-just-nu\/\">Trender just nu<\/a>\n<\/li>\n\t<li class=\"cat-item cat-item-897\"><a href=\"https:\/\/maxigames.io\/sv\/kategori\/trivia\/\">Trivia<\/a>\n<\/li>\n\t<li class=\"cat-item cat-item-2076\"><a href=\"https:\/\/maxigames.io\/sv\/kategori\/tycoon\/\">Tycoon<\/a>\n<\/li>\n<\/ul>","protected":false},"excerpt":{"rendered":"","protected":false},"author":1,"featured_media":0,"parent":0,"menu_order":0,"comment_status":"closed","ping_status":"closed","template":"","meta":{"footnotes":""},"class_list":["post-156","page","type-page","status-publish","hentry"],"_links":{"self":[{"href":"https:\/\/maxigames.io\/sv\/wp-json\/wp\/v2\/pages\/156","targetHints":{"allow":["GET"]}}],"collection":[{"href":"https:\/\/maxigames.io\/sv\/wp-json\/wp\/v2\/pages"}],"about":[{"href":"https:\/\/maxigames.io\/sv\/wp-json\/wp\/v2\/types\/page"}],"author":[{"embeddable":true,"href":"https:\/\/maxigames.io\/sv\/wp-json\/wp\/v2\/users\/1"}],"replies":[{"embeddable":true,"href":"https:\/\/maxigames.io\/sv\/wp-json\/wp\/v2\/comments?post=156"}],"version-history":[{"count":2,"href":"https:\/\/maxigames.io\/sv\/wp-json\/wp\/v2\/pages\/156\/revisions"}],"predecessor-version":[{"id":382,"href":"https:\/\/maxigames.io\/sv\/wp-json\/wp\/v2\/pages\/156\/revisions\/382"}],"wp:attachment":[{"href":"https:\/\/maxigames.io\/sv\/wp-json\/wp\/v2\/media?parent=156"}],"curies":[{"name":"wp","href":"https:\/\/api.w.org\/{rel}","templated":true}]}}