{"id":156,"date":"2026-01-17T14:00:50","date_gmt":"2026-01-17T14:00:50","guid":{"rendered":"https:\/\/maxigames.io\/?page_id=156"},"modified":"2026-02-19T12:31:08","modified_gmt":"2026-02-19T12:31:08","slug":"all-categories","status":"publish","type":"page","link":"https:\/\/maxigames.io\/tr\/all-categories\/","title":{"rendered":"Game Categories"},"content":{"rendered":"<ul class=\"wp-block-categories-list wp-block-categories\">\t<li class=\"cat-item cat-item-2416\"><a href=\"https:\/\/maxigames.io\/tr\/kategori\/2-oyuncu\/\">2 Oyuncu<\/a>\n<\/li>\n\t<li class=\"cat-item cat-item-1577\"><a href=\"https:\/\/maxigames.io\/tr\/kategori\/3d\/\">3D<\/a>\n<\/li>\n\t<li class=\"cat-item cat-item-805\"><a href=\"https:\/\/maxigames.io\/tr\/kategori\/5\/\">5<\/a>\n<\/li>\n\t<li class=\"cat-item cat-item-876\"><a href=\"https:\/\/maxigames.io\/tr\/kategori\/aksiyon\/\">Aksiyon<\/a>\n<\/li>\n\t<li class=\"cat-item cat-item-2101\"><a href=\"https:\/\/maxigames.io\/tr\/kategori\/araba\/\">Araba<\/a>\n<\/li>\n\t<li class=\"cat-item cat-item-853\"><a href=\"https:\/\/maxigames.io\/tr\/kategori\/arcade\/\">Arcade<\/a>\n<\/li>\n\t<li class=\"cat-item cat-item-1070\"><a href=\"https:\/\/maxigames.io\/tr\/kategori\/atis\/\">At\u0131\u015f<\/a>\n<\/li>\n\t<li class=\"cat-item cat-item-2495\"><a href=\"https:\/\/maxigames.io\/tr\/kategori\/balik-avi\/\">Bal\u0131k Av\u0131<\/a>\n<\/li>\n\t<li class=\"cat-item cat-item-976\"><a href=\"https:\/\/maxigames.io\/tr\/kategori\/beceri\/\">Beceri<\/a>\n<\/li>\n\t<li class=\"cat-item cat-item-1117\"><a href=\"https:\/\/maxigames.io\/tr\/kategori\/beyin\/\">Beyin<\/a>\n<\/li>\n\t<li class=\"cat-item cat-item-2301\"><a href=\"https:\/\/maxigames.io\/tr\/kategori\/birlestir\/\">Birle\u015ftir<\/a>\n<\/li>\n\t<li class=\"cat-item cat-item-1703\"><a href=\"https:\/\/maxigames.io\/tr\/kategori\/blok\/\">Blok<\/a>\n<\/li>\n\t<li class=\"cat-item cat-item-830\"><a href=\"https:\/\/maxigames.io\/tr\/kategori\/bulmaca\/\">Bulmaca<\/a>\n<\/li>\n\t<li class=\"cat-item cat-item-1556\"><a href=\"https:\/\/maxigames.io\/tr\/kategori\/candy-crush\/\">Candy Crush<\/a>\n<\/li>\n\t<li class=\"cat-item cat-item-1995\"><a href=\"https:\/\/maxigames.io\/tr\/kategori\/ciftlik\/\">\u00c7iftlik<\/a>\n<\/li>\n\t<li class=\"cat-item cat-item-1415\"><a href=\"https:\/\/maxigames.io\/tr\/kategori\/cizim\/\">\u00c7izim<\/a>\n<\/li>\n\t<li class=\"cat-item cat-item-1187\"><a href=\"https:\/\/maxigames.io\/tr\/kategori\/cocuklar\/\">\u00c7ocuklar<\/a>\n<\/li>\n\t<li class=\"cat-item cat-item-1878\"><a href=\"https:\/\/maxigames.io\/tr\/kategori\/cok-oyunculu\/\">\u00c7ok Oyunculu<\/a>\n<\/li>\n\t<li class=\"cat-item cat-item-2567\"><a href=\"https:\/\/maxigames.io\/tr\/kategori\/cubuk-adam\/\">\u00c7ubuk Adam<\/a>\n<\/li>\n\t<li class=\"cat-item cat-item-1529\"><a href=\"https:\/\/maxigames.io\/tr\/kategori\/dekorasyon\/\">Dekorasyon<\/a>\n<\/li>\n\t<li class=\"cat-item cat-item-1925\"><a href=\"https:\/\/maxigames.io\/tr\/kategori\/dovus\/\">D\u00f6v\u00fc\u015f<\/a>\n<\/li>\n\t<li class=\"cat-item cat-item-1283\"><a href=\"https:\/\/maxigames.io\/tr\/kategori\/egitsel\/\">E\u011fitsel<\/a>\n<\/li>\n\t<li class=\"cat-item cat-item-1258\"><a href=\"https:\/\/maxigames.io\/tr\/kategori\/eslesme\/\">E\u015fle\u015fme<\/a>\n<\/li>\n\t<li class=\"cat-item cat-item-1140\"><a href=\"https:\/\/maxigames.io\/tr\/kategori\/eslesme-3\/\">E\u015fle\u015fme 3<\/a>\n<\/li>\n\t<li class=\"cat-item cat-item-1462\"><a href=\"https:\/\/maxigames.io\/tr\/kategori\/fizik\/\">Fizik<\/a>\n<\/li>\n\t<li class=\"cat-item cat-item-969\"><a href=\"https:\/\/maxigames.io\/tr\/kategori\/for-girls\/\">For Girls<\/a>\n<\/li>\n\t<li class=\"cat-item cat-item-899\"><a href=\"https:\/\/maxigames.io\/tr\/kategori\/genel-kultur\/\">Genel K\u00fclt\u00fcr<\/a>\n<\/li>\n\t<li class=\"cat-item cat-item-1659\"><a href=\"https:\/\/maxigames.io\/tr\/kategori\/gizli-nesne\/\">Gizli Nesne<\/a>\n<\/li>\n\t<li class=\"cat-item cat-item-2450\"><a href=\"https:\/\/maxigames.io\/tr\/kategori\/hayvan\/\">Hayvan<\/a>\n<\/li>\n\t<li class=\"cat-item cat-item-2175\"><a href=\"https:\/\/maxigames.io\/tr\/kategori\/kamyon\/\">Kamyon<\/a>\n<\/li>\n\t<li class=\"cat-item cat-item-2471\"><a href=\"https:\/\/maxigames.io\/tr\/kategori\/karpuz\/\">Karpuz<\/a>\n<\/li>\n\t<li class=\"cat-item cat-item-1753\"><a href=\"https:\/\/maxigames.io\/tr\/kategori\/kart\/\">Kart<\/a>\n<\/li>\n\t<li class=\"cat-item cat-item-1211\"><a href=\"https:\/\/maxigames.io\/tr\/kategori\/kelime\/\">Kelime<\/a>\n<\/li>\n\t<li class=\"cat-item cat-item-1235\"><a href=\"https:\/\/maxigames.io\/tr\/kategori\/klasik\/\">Klasik<\/a>\n<\/li>\n\t<li class=\"cat-item cat-item-2369\"><a href=\"https:\/\/maxigames.io\/tr\/kategori\/komik\/\">Komik<\/a>\n<\/li>\n\t<li class=\"cat-item cat-item-2615\"><a href=\"https:\/\/maxigames.io\/tr\/kategori\/kopek\/\">K\u00f6pek<\/a>\n<\/li>\n\t<li class=\"cat-item cat-item-1094\"><a href=\"https:\/\/maxigames.io\/tr\/kategori\/kosu\/\">Ko\u015fu<\/a>\n<\/li>\n\t<li class=\"cat-item cat-item-2324\"><a href=\"https:\/\/maxigames.io\/tr\/kategori\/macera\/\">Macera<\/a>\n<\/li>\n\t<li class=\"cat-item cat-item-999\"><a href=\"https:\/\/maxigames.io\/tr\/kategori\/mahjong\/\">Mahjong<\/a>\n<\/li>\n\t<li class=\"cat-item cat-item-1854\"><a href=\"https:\/\/maxigames.io\/tr\/kategori\/makeover\/\">Makeover<\/a>\n<\/li>\n\t<li class=\"cat-item cat-item-1046\"><a href=\"https:\/\/maxigames.io\/tr\/kategori\/mantik\/\">Mant\u0131k<\/a>\n<\/li>\n\t<li class=\"cat-item cat-item-559\"><a href=\"https:\/\/maxigames.io\/tr\/kategori\/maxigamesin-en-iyileri\/\">MaxiGames&#039;in En \u0130yileri<\/a>\n<\/li>\n\t<li class=\"cat-item cat-item-1902\"><a href=\"https:\/\/maxigames.io\/tr\/kategori\/nokta-ve-tikla\/\">Nokta ve T\u0131kla<\/a>\n<\/li>\n\t<li class=\"cat-item cat-item-2058\"><a href=\"https:\/\/maxigames.io\/tr\/kategori\/ordu\/\">Ordu<\/a>\n<\/li>\n\t<li class=\"cat-item cat-item-2056\"><a href=\"https:\/\/maxigames.io\/tr\/kategori\/park-etme\/\">Park Etme<\/a>\n<\/li>\n\t<li class=\"cat-item cat-item-2036\"><a href=\"https:\/\/maxigames.io\/tr\/kategori\/parkour\/\">Parkour<\/a>\n<\/li>\n\t<li class=\"cat-item cat-item-2392\"><a href=\"https:\/\/maxigames.io\/tr\/kategori\/pasif\/\">Pasif<\/a>\n<\/li>\n\t<li class=\"cat-item cat-item-1023\"><a href=\"https:\/\/maxigames.io\/tr\/kategori\/platform\/\">Platform<\/a>\n<\/li>\n\t<li class=\"cat-item cat-item-2543\"><a href=\"https:\/\/maxigames.io\/tr\/kategori\/pop-it\/\">Pop It<\/a>\n<\/li>\n\t<li class=\"cat-item cat-item-2123\"><a href=\"https:\/\/maxigames.io\/tr\/kategori\/pvp\/\">PvP<\/a>\n<\/li>\n\t<li class=\"cat-item cat-item-1681\"><a href=\"https:\/\/maxigames.io\/tr\/kategori\/quiz\/\">Quiz<\/a>\n<\/li>\n\t<li class=\"cat-item cat-item-1747\"><a href=\"https:\/\/maxigames.io\/tr\/kategori\/rahat\/\">Rahat<\/a>\n<\/li>\n\t<li class=\"cat-item cat-item-1948\"><a href=\"https:\/\/maxigames.io\/tr\/kategori\/renk\/\">Renk<\/a>\n<\/li>\n\t<li class=\"cat-item cat-item-1790\"><a href=\"https:\/\/maxigames.io\/tr\/kategori\/restoran\/\">Restoran<\/a>\n<\/li>\n\t<li class=\"cat-item cat-item-2147\"><a href=\"https:\/\/maxigames.io\/tr\/kategori\/retro\/\">Retro<\/a>\n<\/li>\n\t<li class=\"cat-item cat-item-2439\"><a href=\"https:\/\/maxigames.io\/tr\/kategori\/robot\/\">Robot<\/a>\n<\/li>\n\t<li class=\"cat-item cat-item-1164\"><a href=\"https:\/\/maxigames.io\/tr\/kategori\/rpg\/\">RPG<\/a>\n<\/li>\n\t<li class=\"cat-item cat-item-2591\"><a href=\"https:\/\/maxigames.io\/tr\/kategori\/satranc\/\">Satran\u00e7<\/a>\n<\/li>\n\t<li class=\"cat-item cat-item-1598\"><a href=\"https:\/\/maxigames.io\/tr\/kategori\/savas\/\">Sava\u015f<\/a>\n<\/li>\n\t<li class=\"cat-item cat-item-1972\"><a href=\"https:\/\/maxigames.io\/tr\/kategori\/sayi\/\">Say\u0131<\/a>\n<\/li>\n\t<li class=\"cat-item cat-item-1326\"><a href=\"https:\/\/maxigames.io\/tr\/kategori\/sihir\/\">Sihir<\/a>\n<\/li>\n\t<li class=\"cat-item cat-item-1349\"><a href=\"https:\/\/maxigames.io\/tr\/kategori\/simulasyon\/\">Sim\u00fclasyon<\/a>\n<\/li>\n\t<li class=\"cat-item cat-item-2255\"><a href=\"https:\/\/maxigames.io\/tr\/kategori\/slime\/\">Slime<\/a>\n<\/li>\n\t<li class=\"cat-item cat-item-2197\"><a href=\"https:\/\/maxigames.io\/tr\/kategori\/solitaire\/\">Solitaire<\/a>\n<\/li>\n\t<li class=\"cat-item cat-item-2449\"><a href=\"https:\/\/maxigames.io\/tr\/kategori\/sporlar\/\">Sporlar<\/a>\n<\/li>\n\t<li class=\"cat-item cat-item-1371\"><a href=\"https:\/\/maxigames.io\/tr\/kategori\/strateji\/\">Strateji<\/a>\n<\/li>\n\t<li class=\"cat-item cat-item-565\"><a href=\"https:\/\/maxigames.io\/tr\/kategori\/su-anda-trend\/\">\u015eu anda trend<\/a>\n<\/li>\n\t<li class=\"cat-item cat-item-1484\"><a href=\"https:\/\/maxigames.io\/tr\/kategori\/sudoku\/\">Sudoku<\/a>\n<\/li>\n\t<li class=\"cat-item cat-item-1611\"><a href=\"https:\/\/maxigames.io\/tr\/kategori\/surus\/\">S\u00fcr\u00fc\u015f<\/a>\n<\/li>\n\t<li class=\"cat-item cat-item-945\"><a href=\"https:\/\/maxigames.io\/tr\/kategori\/tahta\/\">Tahta<\/a>\n<\/li>\n\t<li class=\"cat-item cat-item-2639\"><a href=\"https:\/\/maxigames.io\/tr\/kategori\/tiklama-oyunlari\/\">T\u0131klama Oyunlar\u0131<\/a>\n<\/li>\n\t<li class=\"cat-item cat-item-1637\"><a href=\"https:\/\/maxigames.io\/tr\/kategori\/top\/\">Top<\/a>\n<\/li>\n\t<li class=\"cat-item cat-item-1832\"><a href=\"https:\/\/maxigames.io\/tr\/kategori\/tower-defense\/\">Tower Defense<\/a>\n<\/li>\n\t<li class=\"cat-item cat-item-2078\"><a href=\"https:\/\/maxigames.io\/tr\/kategori\/tycoon\/\">Tycoon<\/a>\n<\/li>\n\t<li class=\"cat-item cat-item-2661\"><a href=\"https:\/\/maxigames.io\/tr\/kategori\/yaris\/\">Yar\u0131\u015f<\/a>\n<\/li>\n\t<li class=\"cat-item cat-item-1438\"><a href=\"https:\/\/maxigames.io\/tr\/kategori\/yemek\/\">Yemek<\/a>\n<\/li>\n\t<li class=\"cat-item cat-item-1724\"><a href=\"https:\/\/maxigames.io\/tr\/kategori\/yemek-yapma\/\">Yemek Yapma<\/a>\n<\/li>\n\t<li class=\"cat-item cat-item-328\"><a href=\"https:\/\/maxigames.io\/tr\/kategori\/yeni\/\">Yeni<\/a>\n<\/li>\n\t<li class=\"cat-item cat-item-1506\"><a href=\"https:\/\/maxigames.io\/tr\/kategori\/yonetim\/\">Y\u00f6netim<\/a>\n<\/li>\n\t<li class=\"cat-item cat-item-2519\"><a href=\"https:\/\/maxigames.io\/tr\/kategori\/zanaatkarlik\/\">Zanaatkarl\u0131k<\/a>\n<\/li>\n<\/ul>","protected":false},"excerpt":{"rendered":"","protected":false},"author":1,"featured_media":0,"parent":0,"menu_order":0,"comment_status":"closed","ping_status":"closed","template":"","meta":{"footnotes":""},"class_list":["post-156","page","type-page","status-publish","hentry"],"_links":{"self":[{"href":"https:\/\/maxigames.io\/tr\/wp-json\/wp\/v2\/pages\/156","targetHints":{"allow":["GET"]}}],"collection":[{"href":"https:\/\/maxigames.io\/tr\/wp-json\/wp\/v2\/pages"}],"about":[{"href":"https:\/\/maxigames.io\/tr\/wp-json\/wp\/v2\/types\/page"}],"author":[{"embeddable":true,"href":"https:\/\/maxigames.io\/tr\/wp-json\/wp\/v2\/users\/1"}],"replies":[{"embeddable":true,"href":"https:\/\/maxigames.io\/tr\/wp-json\/wp\/v2\/comments?post=156"}],"version-history":[{"count":2,"href":"https:\/\/maxigames.io\/tr\/wp-json\/wp\/v2\/pages\/156\/revisions"}],"predecessor-version":[{"id":382,"href":"https:\/\/maxigames.io\/tr\/wp-json\/wp\/v2\/pages\/156\/revisions\/382"}],"wp:attachment":[{"href":"https:\/\/maxigames.io\/tr\/wp-json\/wp\/v2\/media?parent=156"}],"curies":[{"name":"wp","href":"https:\/\/api.w.org\/{rel}","templated":true}]}}