{"id":156,"date":"2026-01-17T14:00:50","date_gmt":"2026-01-17T14:00:50","guid":{"rendered":"https:\/\/maxigames.io\/?page_id=156"},"modified":"2026-02-19T12:31:08","modified_gmt":"2026-02-19T12:31:08","slug":"all-categories","status":"publish","type":"page","link":"https:\/\/maxigames.io\/vi\/all-categories\/","title":{"rendered":"Game Categories"},"content":{"rendered":"<ul class=\"wp-block-categories-list wp-block-categories\">\t<li class=\"cat-item cat-item-2418\"><a href=\"https:\/\/maxigames.io\/vi\/danh-muc\/2-nguoi-choi\/\">2 Ng\u01b0\u1eddi Ch\u01a1i<\/a>\n<\/li>\n\t<li class=\"cat-item cat-item-1579\"><a href=\"https:\/\/maxigames.io\/vi\/danh-muc\/3d\/\">3D<\/a>\n<\/li>\n\t<li class=\"cat-item cat-item-807\"><a href=\"https:\/\/maxigames.io\/vi\/danh-muc\/5\/\">5<\/a>\n<\/li>\n\t<li class=\"cat-item cat-item-854\"><a href=\"https:\/\/maxigames.io\/vi\/danh-muc\/arcade\/\">Arcade<\/a>\n<\/li>\n\t<li class=\"cat-item cat-item-947\"><a href=\"https:\/\/maxigames.io\/vi\/danh-muc\/ban\/\">B\u00e0n<\/a>\n<\/li>\n\t<li class=\"cat-item cat-item-1072\"><a href=\"https:\/\/maxigames.io\/vi\/danh-muc\/ban-sung\/\">B\u1eafn s\u00fang<\/a>\n<\/li>\n\t<li class=\"cat-item cat-item-1639\"><a href=\"https:\/\/maxigames.io\/vi\/danh-muc\/bong\/\">B\u00f3ng<\/a>\n<\/li>\n\t<li class=\"cat-item cat-item-1754\"><a href=\"https:\/\/maxigames.io\/vi\/danh-muc\/candy-crush\/\">Candy Crush<\/a>\n<\/li>\n\t<li class=\"cat-item cat-item-1096\"><a href=\"https:\/\/maxigames.io\/vi\/danh-muc\/chay\/\">Ch\u1ea1y<\/a>\n<\/li>\n\t<li class=\"cat-item cat-item-1373\"><a href=\"https:\/\/maxigames.io\/vi\/danh-muc\/chien-luoc\/\">Chi\u1ebfn l\u01b0\u1ee3c<\/a>\n<\/li>\n\t<li class=\"cat-item cat-item-1755\"><a href=\"https:\/\/maxigames.io\/vi\/danh-muc\/chien-tranh\/\">Chi\u1ebfn tranh<\/a>\n<\/li>\n\t<li class=\"cat-item cat-item-1237\"><a href=\"https:\/\/maxigames.io\/vi\/danh-muc\/co-dien\/\">C\u1ed5 \u0111i\u1ec3n<\/a>\n<\/li>\n\t<li class=\"cat-item cat-item-2149\"><a href=\"https:\/\/maxigames.io\/vi\/danh-muc\/co-dien-2\/\">C\u1ed5 \u0111i\u1ec3n<\/a>\n<\/li>\n\t<li class=\"cat-item cat-item-1880\"><a href=\"https:\/\/maxigames.io\/vi\/danh-muc\/da-nguoi-choi\/\">\u0110a ng\u01b0\u1eddi ch\u01a1i<\/a>\n<\/li>\n\t<li class=\"cat-item cat-item-2234\"><a href=\"https:\/\/maxigames.io\/vi\/danh-muc\/dang-thinh-hanh\/\">\u0110ang th\u1ecbnh h\u00e0nh<\/a>\n<\/li>\n\t<li class=\"cat-item cat-item-971\"><a href=\"https:\/\/maxigames.io\/vi\/danh-muc\/danh-cho-cac-co-gai\/\">D\u00e0nh cho c\u00e1c c\u00f4 g\u00e1i<\/a>\n<\/li>\n\t<li class=\"cat-item cat-item-1927\"><a href=\"https:\/\/maxigames.io\/vi\/danh-muc\/dau-doi-khang\/\">\u0110\u1ea5u \u0111\u1ed1i kh\u00e1ng<\/a>\n<\/li>\n\t<li class=\"cat-item cat-item-1904\"><a href=\"https:\/\/maxigames.io\/vi\/danh-muc\/diem-va-nhap-chuot\/\">\u0110i\u1ec3m v\u00e0 Nh\u1ea5p chu\u1ed9t<\/a>\n<\/li>\n\t<li class=\"cat-item cat-item-733\"><a href=\"https:\/\/maxigames.io\/vi\/danh-muc\/do\/\">\u0110\u1ed1<\/a>\n<\/li>\n\t<li class=\"cat-item cat-item-1440\"><a href=\"https:\/\/maxigames.io\/vi\/danh-muc\/do-an\/\">\u0110\u1ed3 \u0103n<\/a>\n<\/li>\n\t<li class=\"cat-item cat-item-901\"><a href=\"https:\/\/maxigames.io\/vi\/danh-muc\/do-vui\/\">\u0110\u1ed1 vui<\/a>\n<\/li>\n\t<li class=\"cat-item cat-item-1814\"><a href=\"https:\/\/maxigames.io\/vi\/danh-muc\/do-xe\/\">\u0110\u1ed7 xe<\/a>\n<\/li>\n\t<li class=\"cat-item cat-item-2348\"><a href=\"https:\/\/maxigames.io\/vi\/danh-muc\/dong-vat\/\">\u0110\u1ed9ng v\u1eadt<\/a>\n<\/li>\n\t<li class=\"cat-item cat-item-1749\"><a href=\"https:\/\/maxigames.io\/vi\/danh-muc\/em-dem\/\">\u00cam \u0111\u1ec1m<\/a>\n<\/li>\n\t<li class=\"cat-item cat-item-2303\"><a href=\"https:\/\/maxigames.io\/vi\/danh-muc\/ghep\/\">Gh\u00e9p<\/a>\n<\/li>\n\t<li class=\"cat-item cat-item-1260\"><a href=\"https:\/\/maxigames.io\/vi\/danh-muc\/ghep-hinh\/\">Gh\u00e9p h\u00ecnh<\/a>\n<\/li>\n\t<li class=\"cat-item cat-item-1288\"><a href=\"https:\/\/maxigames.io\/vi\/danh-muc\/giao-duc\/\">Gi\u00e1o d\u1ee5c<\/a>\n<\/li>\n\t<li class=\"cat-item cat-item-2371\"><a href=\"https:\/\/maxigames.io\/vi\/danh-muc\/hai-huoc\/\">H\u00e0i h\u01b0\u1edbc<\/a>\n<\/li>\n\t<li class=\"cat-item cat-item-877\"><a href=\"https:\/\/maxigames.io\/vi\/danh-muc\/hanh-dong\/\">H\u00e0nh \u0111\u1ed9ng<\/a>\n<\/li>\n\t<li class=\"cat-item cat-item-1705\"><a href=\"https:\/\/maxigames.io\/vi\/danh-muc\/khoi\/\">Kh\u1ed1i<\/a>\n<\/li>\n\t<li class=\"cat-item cat-item-924\"><a href=\"https:\/\/maxigames.io\/vi\/danh-muc\/ky-nang\/\">K\u1ef9 n\u0103ng<\/a>\n<\/li>\n\t<li class=\"cat-item cat-item-1305\"><a href=\"https:\/\/maxigames.io\/vi\/danh-muc\/la-bai\/\">L\u00e1 b\u00e0i<\/a>\n<\/li>\n\t<li class=\"cat-item cat-item-1394\"><a href=\"https:\/\/maxigames.io\/vi\/danh-muc\/lai-xe\/\">L\u00e1i xe<\/a>\n<\/li>\n\t<li class=\"cat-item cat-item-1856\"><a href=\"https:\/\/maxigames.io\/vi\/danh-muc\/lam-moi-dien-mao\/\">L\u00e0m m\u1edbi di\u1ec7n m\u1ea1o<\/a>\n<\/li>\n\t<li class=\"cat-item cat-item-1048\"><a href=\"https:\/\/maxigames.io\/vi\/danh-muc\/logic\/\">Logic<\/a>\n<\/li>\n\t<li class=\"cat-item cat-item-1329\"><a href=\"https:\/\/maxigames.io\/vi\/danh-muc\/ma-thuat\/\">Ma thu\u1eadt<\/a>\n<\/li>\n\t<li class=\"cat-item cat-item-1001\"><a href=\"https:\/\/maxigames.io\/vi\/danh-muc\/mahjong\/\">Mahjong<\/a>\n<\/li>\n\t<li class=\"cat-item cat-item-1142\"><a href=\"https:\/\/maxigames.io\/vi\/danh-muc\/match-3\/\">Match 3<\/a>\n<\/li>\n\t<li class=\"cat-item cat-item-1950\"><a href=\"https:\/\/maxigames.io\/vi\/danh-muc\/mau-sac\/\">M\u00e0u s\u1eafc<\/a>\n<\/li>\n\t<li class=\"cat-item cat-item-1351\"><a href=\"https:\/\/maxigames.io\/vi\/danh-muc\/mo-phong\/\">M\u00f4 ph\u1ecfng<\/a>\n<\/li>\n\t<li class=\"cat-item cat-item-629\"><a href=\"https:\/\/maxigames.io\/vi\/danh-muc\/moi\/\">M\u1edbi<\/a>\n<\/li>\n\t<li class=\"cat-item cat-item-1119\"><a href=\"https:\/\/maxigames.io\/vi\/danh-muc\/nao-bo\/\">N\u00e3o b\u1ed9<\/a>\n<\/li>\n\t<li class=\"cat-item cat-item-1726\"><a href=\"https:\/\/maxigames.io\/vi\/danh-muc\/nau-an\/\">N\u1ea5u \u0103n<\/a>\n<\/li>\n\t<li class=\"cat-item cat-item-1024\"><a href=\"https:\/\/maxigames.io\/vi\/danh-muc\/nen-tang\/\">N\u1ec1n t\u1ea3ng<\/a>\n<\/li>\n\t<li class=\"cat-item cat-item-1792\"><a href=\"https:\/\/maxigames.io\/vi\/danh-muc\/nha-hang\/\">Nh\u00e0 h\u00e0ng<\/a>\n<\/li>\n\t<li class=\"cat-item cat-item-2394\"><a href=\"https:\/\/maxigames.io\/vi\/danh-muc\/nhan-roi\/\">Nh\u00e0n r\u1ed7i<\/a>\n<\/li>\n\t<li class=\"cat-item cat-item-1997\"><a href=\"https:\/\/maxigames.io\/vi\/danh-muc\/nong-trai\/\">N\u00f4ng tr\u1ea1i<\/a>\n<\/li>\n\t<li class=\"cat-item cat-item-2103\"><a href=\"https:\/\/maxigames.io\/vi\/danh-muc\/o-to\/\">\u00d4 t\u00f4<\/a>\n<\/li>\n\t<li class=\"cat-item cat-item-2038\"><a href=\"https:\/\/maxigames.io\/vi\/danh-muc\/parkour\/\">Parkour<\/a>\n<\/li>\n\t<li class=\"cat-item cat-item-2326\"><a href=\"https:\/\/maxigames.io\/vi\/danh-muc\/phieu-luu\/\">Phi\u00eau l\u01b0u<\/a>\n<\/li>\n\t<li class=\"cat-item cat-item-2125\"><a href=\"https:\/\/maxigames.io\/vi\/danh-muc\/pvp\/\">PvP<\/a>\n<\/li>\n\t<li class=\"cat-item cat-item-2017\"><a href=\"https:\/\/maxigames.io\/vi\/danh-muc\/quan-doi\/\">Qu\u1eadn \u0111\u1ed9i<\/a>\n<\/li>\n\t<li class=\"cat-item cat-item-1508\"><a href=\"https:\/\/maxigames.io\/vi\/danh-muc\/quan-ly\/\">Qu\u1ea3n l\u00fd<\/a>\n<\/li>\n\t<li class=\"cat-item cat-item-2441\"><a href=\"https:\/\/maxigames.io\/vi\/danh-muc\/ro-bot\/\">R\u00f4-b\u1ed1t<\/a>\n<\/li>\n\t<li class=\"cat-item cat-item-1166\"><a href=\"https:\/\/maxigames.io\/vi\/danh-muc\/rpg\/\">RPG<\/a>\n<\/li>\n\t<li class=\"cat-item cat-item-2257\"><a href=\"https:\/\/maxigames.io\/vi\/danh-muc\/slime\/\">Slime<\/a>\n<\/li>\n\t<li class=\"cat-item cat-item-1974\"><a href=\"https:\/\/maxigames.io\/vi\/danh-muc\/so\/\">S\u1ed1<\/a>\n<\/li>\n\t<li class=\"cat-item cat-item-2199\"><a href=\"https:\/\/maxigames.io\/vi\/danh-muc\/solitaire\/\">Solitaire<\/a>\n<\/li>\n\t<li class=\"cat-item cat-item-1486\"><a href=\"https:\/\/maxigames.io\/vi\/danh-muc\/sudoku\/\">Sudoku<\/a>\n<\/li>\n\t<li class=\"cat-item cat-item-2279\"><a href=\"https:\/\/maxigames.io\/vi\/danh-muc\/the-thao\/\">Th\u1ec3 thao<\/a>\n<\/li>\n\t<li class=\"cat-item cat-item-1759\"><a href=\"https:\/\/maxigames.io\/vi\/danh-muc\/tim-vat-an\/\">T\u00ecm V\u1eadt \u1ea8n<\/a>\n<\/li>\n\t<li class=\"cat-item cat-item-2217\"><a href=\"https:\/\/maxigames.io\/vi\/danh-muc\/top-maxigames\/\">Top MaxiGames<\/a>\n<\/li>\n\t<li class=\"cat-item cat-item-1834\"><a href=\"https:\/\/maxigames.io\/vi\/danh-muc\/tower-defense\/\">Tower Defense<\/a>\n<\/li>\n\t<li class=\"cat-item cat-item-1683\"><a href=\"https:\/\/maxigames.io\/vi\/danh-muc\/trac-nghiem\/\">Tr\u1eafc nghi\u1ec7m<\/a>\n<\/li>\n\t<li class=\"cat-item cat-item-1531\"><a href=\"https:\/\/maxigames.io\/vi\/danh-muc\/trang-tri\/\">Trang tr\u00ed<\/a>\n<\/li>\n\t<li class=\"cat-item cat-item-1189\"><a href=\"https:\/\/maxigames.io\/vi\/danh-muc\/tre-em\/\">Tr\u1ebb em<\/a>\n<\/li>\n\t<li class=\"cat-item cat-item-1213\"><a href=\"https:\/\/maxigames.io\/vi\/danh-muc\/tu\/\">T\u1eeb<\/a>\n<\/li>\n\t<li class=\"cat-item cat-item-2080\"><a href=\"https:\/\/maxigames.io\/vi\/danh-muc\/tycoon\/\">Tycoon<\/a>\n<\/li>\n\t<li class=\"cat-item cat-item-1464\"><a href=\"https:\/\/maxigames.io\/vi\/danh-muc\/vat-ly\/\">V\u1eadt l\u00fd<\/a>\n<\/li>\n\t<li class=\"cat-item cat-item-1417\"><a href=\"https:\/\/maxigames.io\/vi\/danh-muc\/ve\/\">V\u1ebd<\/a>\n<\/li>\n\t<li class=\"cat-item cat-item-2176\"><a href=\"https:\/\/maxigames.io\/vi\/danh-muc\/xe-tai\/\">Xe t\u1ea3i<\/a>\n<\/li>\n<\/ul>","protected":false},"excerpt":{"rendered":"","protected":false},"author":1,"featured_media":0,"parent":0,"menu_order":0,"comment_status":"closed","ping_status":"closed","template":"","meta":{"footnotes":""},"class_list":["post-156","page","type-page","status-publish","hentry"],"_links":{"self":[{"href":"https:\/\/maxigames.io\/vi\/wp-json\/wp\/v2\/pages\/156","targetHints":{"allow":["GET"]}}],"collection":[{"href":"https:\/\/maxigames.io\/vi\/wp-json\/wp\/v2\/pages"}],"about":[{"href":"https:\/\/maxigames.io\/vi\/wp-json\/wp\/v2\/types\/page"}],"author":[{"embeddable":true,"href":"https:\/\/maxigames.io\/vi\/wp-json\/wp\/v2\/users\/1"}],"replies":[{"embeddable":true,"href":"https:\/\/maxigames.io\/vi\/wp-json\/wp\/v2\/comments?post=156"}],"version-history":[{"count":2,"href":"https:\/\/maxigames.io\/vi\/wp-json\/wp\/v2\/pages\/156\/revisions"}],"predecessor-version":[{"id":382,"href":"https:\/\/maxigames.io\/vi\/wp-json\/wp\/v2\/pages\/156\/revisions\/382"}],"wp:attachment":[{"href":"https:\/\/maxigames.io\/vi\/wp-json\/wp\/v2\/media?parent=156"}],"curies":[{"name":"wp","href":"https:\/\/api.w.org\/{rel}","templated":true}]}}